{"id":1256,"date":"2021-10-29T11:25:54","date_gmt":"2021-10-29T09:25:54","guid":{"rendered":"https:\/\/dev.galerie-klaus-benden.de\/?page_id=1256"},"modified":"2021-12-01T14:54:51","modified_gmt":"2021-12-01T13:54:51","slug":"tom-wesselmann","status":"publish","type":"page","link":"https:\/\/galerie-benden-ackermann.de\/de\/tom-wesselmann\/","title":{"rendered":"Tom Wesselmann"},"content":{"rendered":"\n<figure class=\"wp-block-image alignfull size-large is-style-default\"><a href=\"https:\/\/galerie-klaus-benden.de\/de\/artwork\/nude-for-sedfre\/\"><img loading=\"lazy\" decoding=\"async\" width=\"1024\" height=\"757\" src=\"https:\/\/galerie-klaus-benden.de\/wp-content\/uploads\/2021\/10\/galerie-klaus-benden-nude-forsedfre-1024x757.jpg\" alt=\"\" class=\"wp-image-1304\" srcset=\"https:\/\/galerie-benden-ackermann.de\/wp-content\/uploads\/2021\/10\/galerie-klaus-benden-nude-forsedfre-1024x757.jpg 1024w, https:\/\/galerie-benden-ackermann.de\/wp-content\/uploads\/2021\/10\/galerie-klaus-benden-nude-forsedfre-300x222.jpg 300w, https:\/\/galerie-benden-ackermann.de\/wp-content\/uploads\/2021\/10\/galerie-klaus-benden-nude-forsedfre-768x568.jpg 768w, https:\/\/galerie-benden-ackermann.de\/wp-content\/uploads\/2021\/10\/galerie-klaus-benden-nude-forsedfre.jpg 1093w\" sizes=\"auto, (max-width: 1093px) 100vw, 1093px\" \/><\/a><figcaption><\/figcaption><\/figure>\n\n\n\n<div class=\"wp-block-columns is-layout-flex wp-container-core-columns-is-layout-9d6595d7 wp-block-columns-is-layout-flex\">\n<div class=\"wp-block-column is-layout-flow wp-block-column-is-layout-flow\" style=\"flex-basis:33.33%\">\n<p><strong>*&nbsp;1931 Cincinnati<br>\u2020 2004 New York<\/strong><\/p>\n<\/div>\n\n\n\n<div class=\"wp-block-column is-layout-flow wp-block-column-is-layout-flow\" style=\"flex-basis:66.66%\">\n<h3 class=\"has-text-align-right wp-block-heading\"><em><strong>\u201cI only want to paint\u201d<\/strong><\/em><\/h3>\n<\/div>\n<\/div>\n\n\n\n<div class=\"wp-block-columns is-layout-flex wp-container-core-columns-is-layout-9d6595d7 wp-block-columns-is-layout-flex\">\n<div class=\"wp-block-column is-layout-flow wp-block-column-is-layout-flow\" style=\"flex-basis:25%\"><\/div>\n\n\n\n<div class=\"wp-block-column is-layout-flow wp-block-column-is-layout-flow\" style=\"flex-basis:50%\">\n<p class=\"has-drop-cap\">In Cincinnati, Ohio 1931 geboren und 2004 in New York verstorben, ist Tom Wesselmann einer der wichtigsten und prominentesten K\u00fcnstler der amerikanischen Pop Art. Bekannt f\u00fcr seine Akt- und Alltagsstillleben und Landschaften, interpretiert Wesselmann diese Themen in seiner eigenen, unverwechselbaren Bildsprache, die sich durch eine reduzierte Linie und kr\u00e4ftige, fl\u00e4chige Grundfarben auszeichnet und oft Symbole der amerikanischen Kultur einbezieht, immer wieder neu. Seine Werke befinden sich weltweit in wichtigen Museen und Privatsammlungen.<\/p>\n\n\n\n<p>Von 1945 bis 1951 studiert Wesselmann am Hiram College in Ohio. 1951 beginnt er ein Psychologie-Studium an der University of Cincinnati. Ein Jahr sp\u00e4ter wird er aufgrund des Koreakrieges zum Milit\u00e4rdienst eingezogen. Hier entstehen erste Cartoons. 1954 setzt Wesselmann sein Studium fort. Nebenbei belegt er Kurse an der Kunstakademie. 1956 erh\u00e4lt er seinen Bachelor in Psychologie. Im gleichen Jahr zieht er nach New York und besucht die Cooper Union School for Arts and Architecture. Um seinen Lebensunterhalt zu verdienen, arbeitet er als Cartoonist f\u00fcr einige Zeitungen und Zeitschriften sowie als Lehrer in einer Highschool in Brooklyn. 1959 erh\u00e4lt er sein Diplom.<\/p>\n\n\n\n<p>Ende der f\u00fcnfziger Jahre entsteht eine Serie kleinformatiger Collagen, die als Vorl\u00e4ufer der sp\u00e4teren gro\u00dfformatigen Serien wie <strong>&#8222;Great American Nudes&#8220;<\/strong>, <strong>&#8222;Bathtubs&#8220;<\/strong> und <strong>&#8222;Still Life&#8220;<\/strong> gelten. Aus diesen Collagen entwickelt Wesselmann 1960 erste Aktdarstellungen.<\/p>\n\n\n\n<p>Seine erste Einzelausstellung findet 1961 in der Tanager Gallery in New York statt. Im selben Jahr entsteht die erste Arbeit zu den &#8222;Great American Nudes&#8220; und Tom Wesselmann beginnt gro\u00dfformatig zu arbeiten. Der internationale Durchbruch gelingt ihm 1962, als seine Werke im Rahmen der legend\u00e4ren Gruppenausstellung \u201eNew Realists\u201c in der Sidney Janis Gallery in New York ausgestellt werden. Zahlreiche Einzelausstellungen folgen und tragen ma\u00dfgeblich zum internationalen Ruhm bei.<\/p>\n<\/div>\n\n\n\n<div class=\"wp-block-column is-layout-flow wp-block-column-is-layout-flow\" style=\"flex-basis:25%\"><\/div>\n<\/div>\n\n\n\n<div style=\"height: 2.2916666666667rem\" aria-hidden=\"true\" class=\"wp-block-spacer\"><\/div>\n\n\n\n<div class=\"wp-block-columns is-layout-flex wp-container-core-columns-is-layout-9d6595d7 wp-block-columns-is-layout-flex\">\n<div class=\"wp-block-column is-layout-flow wp-block-column-is-layout-flow\" style=\"flex-basis:33.33%\"><\/div>\n\n\n\n<div class=\"wp-block-column is-layout-flow wp-block-column-is-layout-flow\" style=\"flex-basis:66.66%\">\n<h2 class=\"wp-block-heading\">Mitte der 1960er Jahre kristallisiert sich das <strong>\u201eClose Up\u201c<\/strong> als k\u00fcnstlerisches Gestaltungsmerkmal heraus und manifestiert sich in monumentalen Bildausschnitten.<\/h2>\n<\/div>\n<\/div>\n\n\n\n<div style=\"height: 2.2916666666667rem\" aria-hidden=\"true\" class=\"wp-block-spacer\"><\/div>\n\n\n\n<div class=\"wp-block-columns is-layout-flex wp-container-core-columns-is-layout-9d6595d7 wp-block-columns-is-layout-flex\">\n<div class=\"wp-block-column is-layout-flow wp-block-column-is-layout-flow\" style=\"flex-basis:66.66%\">\n<figure class=\"wp-block-image size-large\"><img loading=\"lazy\" decoding=\"async\" width=\"1024\" height=\"874\" src=\"https:\/\/galerie-klaus-benden.de\/wp-content\/uploads\/2021\/10\/galerie-klaus-benden-wesselmann-bedroom-face-41-2-1024x874.jpg\" alt=\"\" class=\"wp-image-2433\" srcset=\"https:\/\/galerie-benden-ackermann.de\/wp-content\/uploads\/2021\/10\/galerie-klaus-benden-wesselmann-bedroom-face-41-2-1024x874.jpg 1024w, https:\/\/galerie-benden-ackermann.de\/wp-content\/uploads\/2021\/10\/galerie-klaus-benden-wesselmann-bedroom-face-41-2-300x256.jpg 300w, https:\/\/galerie-benden-ackermann.de\/wp-content\/uploads\/2021\/10\/galerie-klaus-benden-wesselmann-bedroom-face-41-2-768x656.jpg 768w, https:\/\/galerie-benden-ackermann.de\/wp-content\/uploads\/2021\/10\/galerie-klaus-benden-wesselmann-bedroom-face-41-2-1536x1312.jpg 1536w, https:\/\/galerie-benden-ackermann.de\/wp-content\/uploads\/2021\/10\/galerie-klaus-benden-wesselmann-bedroom-face-41-2.jpg 2000w\" sizes=\"auto, (max-width: 2000px) 100vw, 2000px\" \/><figcaption>Bedroom Face #41, 1990. Siebdruck, 151,2 x 171,4 cm, Edition: 100 <\/figcaption><\/figure>\n<\/div>\n\n\n\n<div class=\"wp-block-column is-layout-flow wp-block-column-is-layout-flow\" style=\"flex-basis:33.33%\"><\/div>\n<\/div>\n\n\n\n<div style=\"height: 4.1666666666667rem\" aria-hidden=\"true\" class=\"wp-block-spacer\"><\/div>\n\n\n\n<div class=\"wp-block-columns is-layout-flex wp-container-core-columns-is-layout-9d6595d7 wp-block-columns-is-layout-flex\">\n<div class=\"wp-block-column is-layout-flow wp-block-column-is-layout-flow\" style=\"flex-basis:25%\"><\/div>\n\n\n\n<div class=\"wp-block-column is-layout-flow wp-block-column-is-layout-flow\" style=\"flex-basis:50%\">\n<p>1961 malt Tom Wesselmann die erste seiner <strong>\u201eGreat American Nudes\u201c<\/strong> und formuliert eines seiner gro\u00dfen Themen: gesichtslose weibliche K\u00f6rper, als Tr\u00e4ger erotischer Reize und exzessiv genutzte Vermarktungsfl\u00e4che in der westlichen Konsumwelt.<\/p>\n\n\n\n<p>1962 entstehen seine ersten Assemblagen mit dem Titel <strong>&#8222;Still Life&#8220;<\/strong>. 1963 heiratet Wesselmann seine Studienkollegin Claire Selley, die sein wichtigstes Modell ist. Er beginnt seine Serie <strong>&#8222;Bathtub Collages&#8220;<\/strong>. 1964 beginnt Wesselmann mit weiteren Serien, den <strong>&#8222;Bedroom Paintings&#8220;<\/strong>, <strong>&#8222;Seascapes&#8220;<\/strong> und &#8222;Smokers&#8220;, die er bis Anfang der 1980er Jahre fortsetzt.<\/p>\n\n\n\n<p>1980 ver\u00f6ffentlicht er unter dem Pseudonym <strong>&#8222;Slim Stealingworth&#8220;<\/strong> eine Abhandlung seiner k\u00fcnstlerischen Entwicklung. Im selben Jahr lernt er bei der Er\u00f6ffnung einer seiner Ausstellungen Monica Serra kennen, die fortan Modell unz\u00e4hliger seiner Werke werden und ihn als Assistentin begleiteten wird.<\/p>\n\n\n\n<p>1983 entstehen seine ersten <strong>&#8222;Metal Works&#8220;<\/strong>, jene auf Skizzen und Zeichnungen des K\u00fcnstlers beruhende Metallarbeiten, denen fortan sein gesamtes k\u00fcnstlerisches Interesse gilt.<br>1994 findet in der Kunsthalle T\u00fcbingen eine umfassende Retrospektive statt.<\/p>\n\n\n\n<p>Am 17. Dezember 2004 stirbt Wesselmann in New York.<\/p>\n\n\n\n<p>Wesselmann stellt zeitlebens international aus, darunter sind mehrere bahnbrechende Gruppen- und Einzelausstellungen zun\u00e4chst in den USA . Ab den 1970er Jahren finden erste Ausstellungen in Europa statt. Zwei gro\u00dfen Retrospektiven in den USA folgen 1990 Ausstellungen in Europa und Japan. Anl\u00e4sslich des 10. Todestages finden Retrospektiven weltweit statt.<\/p>\n<\/div>\n\n\n\n<div class=\"wp-block-column is-layout-flow wp-block-column-is-layout-flow\" style=\"flex-basis:25%\"><\/div>\n<\/div>\n\n\n\n<div style=\"height: 2.2083333333333rem\" aria-hidden=\"true\" class=\"wp-block-spacer\"><\/div>\n\n\n\n<div class=\"wp-block-columns is-layout-flex wp-container-core-columns-is-layout-9d6595d7 wp-block-columns-is-layout-flex\">\n<div class=\"wp-block-column is-layout-flow wp-block-column-is-layout-flow\" style=\"flex-basis:25%\"><\/div>\n\n\n\n<div class=\"wp-block-column is-layout-flow wp-block-column-is-layout-flow\" style=\"flex-basis:50%\">\n<h4 class=\"wp-block-heading\"><strong>Tom Wesselmanns ist in &nbsp;zahlreichen Museen und Sammlungen vertreten:<\/strong><\/h4>\n\n\n\n<p><\/p>\n\n\n\n<p>Hirshhorn Museum &amp; Sculpture Garden, Washington DC<br>Museum of Modem Art, New York<br>Philadelphia Museum of Art, Philadelphia<br>Walker Art Center, Minneapolis<br>Whitney Museum of American Art, New York<\/p>\n\n\n\n<p>Israel Museum, Jerusalem<br>Guggenheim Abu Dhabi<\/p>\n\n\n\n<p>Artsonje Museum of Contemporary Art, Kyungju City, Korea<br>Hara Museum of Contemporary Art, Tokyo<\/p>\n\n\n\n<p>Berardo Collection, Lissabon<br>Mus\u00e9e d&#8217;Art Moderne et d&#8217;Art Contemporain, Nizza<br>Museo Thyssen-Bornemisza, Madrid<br>Nationalgalerie, Berlin<\/p>\n<\/div>\n\n\n\n<div class=\"wp-block-column is-layout-flow wp-block-column-is-layout-flow\" style=\"flex-basis:25%\"><\/div>\n<\/div>\n","protected":false},"excerpt":{"rendered":"<p>*&nbsp;1931 Cincinnati\u2020 2004 New York \u201cI only want to paint\u201d In Cincinnati, Ohio 1931 geboren und 2004 in New York verstorben, ist Tom Wesselmann einer der wichtigsten und prominentesten K\u00fcnstler der amerikanischen Pop Art. Bekannt f\u00fcr seine Akt- und Alltagsstillleben und Landschaften, interpretiert Wesselmann diese Themen in seiner eigenen, unverwechselbaren Bildsprache, die sich durch eine [&hellip;]<\/p>\n","protected":false},"author":2,"featured_media":0,"parent":0,"menu_order":0,"comment_status":"closed","ping_status":"closed","template":"","meta":{"footnotes":""},"class_list":["post-1256","page","type-page","status-publish","hentry"],"_links":{"self":[{"href":"https:\/\/galerie-benden-ackermann.de\/de\/wp-json\/wp\/v2\/pages\/1256","targetHints":{"allow":["GET"]}}],"collection":[{"href":"https:\/\/galerie-benden-ackermann.de\/de\/wp-json\/wp\/v2\/pages"}],"about":[{"href":"https:\/\/galerie-benden-ackermann.de\/de\/wp-json\/wp\/v2\/types\/page"}],"author":[{"embeddable":true,"href":"https:\/\/galerie-benden-ackermann.de\/de\/wp-json\/wp\/v2\/users\/2"}],"replies":[{"embeddable":true,"href":"https:\/\/galerie-benden-ackermann.de\/de\/wp-json\/wp\/v2\/comments?post=1256"}],"version-history":[{"count":153,"href":"https:\/\/galerie-benden-ackermann.de\/de\/wp-json\/wp\/v2\/pages\/1256\/revisions"}],"predecessor-version":[{"id":3270,"href":"https:\/\/galerie-benden-ackermann.de\/de\/wp-json\/wp\/v2\/pages\/1256\/revisions\/3270"}],"wp:attachment":[{"href":"https:\/\/galerie-benden-ackermann.de\/de\/wp-json\/wp\/v2\/media?parent=1256"}],"curies":[{"name":"wp","href":"https:\/\/api.w.org\/{rel}","templated":true}]}}