{"id":34,"date":"2021-05-28T16:49:40","date_gmt":"2021-05-28T14:49:40","guid":{"rendered":"http:\/\/dev.galerie-klaus-benden.de\/?page_id=34"},"modified":"2022-09-15T12:11:19","modified_gmt":"2022-09-15T10:11:19","slug":"ueber-uns","status":"publish","type":"page","link":"https:\/\/galerie-benden-ackermann.de\/de\/ueber-uns\/","title":{"rendered":"\u00dcber uns"},"content":{"rendered":"\n<div class=\"wp-block-columns alignfull is-layout-flex wp-container-core-columns-is-layout-9d6595d7 wp-block-columns-is-layout-flex\">\n<div class=\"wp-block-column is-layout-flow wp-block-column-is-layout-flow\" style=\"flex-basis:66.66%\">\n<p>Als renommierte Galerie im Rheinland vertritt die Galerie Benden &amp; Ackermann seit Jahrzehnten internationale Positionen der Nachkriegskunst sowie der zeitgen\u00f6ssischen Kunst.<\/p>\n\n\n\n<p>Das Programm der Galerie ist vor allem durch etablierte K\u00fcnstler der amerikanischen Pop Art gepr\u00e4gt. So finden Sie Werke von Tom Wesselmann, Andy Warhol, Roy Lichtenstein, Robert Indiana, James Rosenquist, Robert Rauschenberg und Alex Katz. Zus\u00e4tzlich zu diesen etablierten K\u00fcnstlern f\u00f6rdert die Galerie auch eine Reihe zeitgen\u00f6ssischer K\u00fcnstler. In den letzten Einzelausstellungen zeigte die Galerie die skulpturalen Arbeiten&nbsp; von Willi Siber und Hans Kotter.<\/p>\n\n\n\n<p>Die Galerie Benden &amp; Ackermann stellt diese internationalen k\u00fcnstlerischen Positionen regelm\u00e4\u00dfig auf wichtigen Kunstmessen aus.<\/p>\n\n\n\n<p>Die Galerie befindet sich in zentraler Lage am K\u00f6lner Mediapark, in unmittelbarer N\u00e4he zu den bekannten st\u00e4dtischen Museen, wie dem Museum Ludwig und dem Kunstgewerbemuseum MAKK. Im M\u00e4rz 2022 er\u00f6ffnete die Galerie Benden &amp; Ackermann einen weiteren Standort in dem kulturbewussten D\u00fcsseldorfer Stadtteil Oberkassel. Viele namhafte K\u00fcnstler wie Joseph Beuys, Gotthard Graubner und G\u00fcnther Uecker waren hier mit ihren Ateliers beheimatet.<\/p>\n<\/div>\n\n\n\n<div class=\"wp-block-column is-layout-flow wp-block-column-is-layout-flow\" style=\"flex-basis:33.33%\"><\/div>\n<\/div>\n","protected":false},"excerpt":{"rendered":"<p>Als renommierte Galerie im Rheinland vertritt die Galerie Benden &amp; Ackermann seit Jahrzehnten internationale Positionen der Nachkriegskunst sowie der zeitgen\u00f6ssischen Kunst. Das Programm der Galerie ist vor allem durch etablierte K\u00fcnstler der amerikanischen Pop Art gepr\u00e4gt. So finden Sie Werke von Tom Wesselmann, Andy Warhol, Roy Lichtenstein, Robert Indiana, James Rosenquist, Robert Rauschenberg und Alex [&hellip;]<\/p>\n","protected":false},"author":1,"featured_media":0,"parent":0,"menu_order":0,"comment_status":"closed","ping_status":"closed","template":"","meta":{"footnotes":""},"class_list":["post-34","page","type-page","status-publish","hentry"],"_links":{"self":[{"href":"https:\/\/galerie-benden-ackermann.de\/de\/wp-json\/wp\/v2\/pages\/34","targetHints":{"allow":["GET"]}}],"collection":[{"href":"https:\/\/galerie-benden-ackermann.de\/de\/wp-json\/wp\/v2\/pages"}],"about":[{"href":"https:\/\/galerie-benden-ackermann.de\/de\/wp-json\/wp\/v2\/types\/page"}],"author":[{"embeddable":true,"href":"https:\/\/galerie-benden-ackermann.de\/de\/wp-json\/wp\/v2\/users\/1"}],"replies":[{"embeddable":true,"href":"https:\/\/galerie-benden-ackermann.de\/de\/wp-json\/wp\/v2\/comments?post=34"}],"version-history":[{"count":8,"href":"https:\/\/galerie-benden-ackermann.de\/de\/wp-json\/wp\/v2\/pages\/34\/revisions"}],"predecessor-version":[{"id":3483,"href":"https:\/\/galerie-benden-ackermann.de\/de\/wp-json\/wp\/v2\/pages\/34\/revisions\/3483"}],"wp:attachment":[{"href":"https:\/\/galerie-benden-ackermann.de\/de\/wp-json\/wp\/v2\/media?parent=34"}],"curies":[{"name":"wp","href":"https:\/\/api.w.org\/{rel}","templated":true}]}}