{"id":38,"date":"2021-05-28T16:50:04","date_gmt":"2021-05-28T14:50:04","guid":{"rendered":"http:\/\/dev.galerie-klaus-benden.de\/?page_id=38"},"modified":"2026-03-14T13:20:16","modified_gmt":"2026-03-14T12:20:16","slug":"kontakt","status":"publish","type":"page","link":"https:\/\/galerie-benden-ackermann.de\/de\/kontakt\/","title":{"rendered":"Kontakt"},"content":{"rendered":"\n<p>Haben Sie Fragen, W\u00fcnsche oder Anregungen? <br>Bitte nehmen Sie Kontakt mit uns auf, wir helfen Ihnen gerne weiter!<\/p>\n\n\n\n<p>Tel:\u00a0<a href=\"tel:+492212579727\">+49 163 &#8211; 206 4202<\/a><br>E-Mail:\u00a0<a href=\"mailto:info@galerie-klaus-benden.de\">info@galerie-benden-ackermann.de<\/a><\/p>\n\n\n\n<h2 class=\"wp-block-heading\">\u00d6FFNUNGSZEITEN:<\/h2>\n\n\n\n<p><strong>Maybachstra\u00dfe 8, 50670 K\u00f6ln<\/strong><\/p>\n\n\n\n<p>Di-Fr 11-18 Uhr \/ Sa 11-16 Uhr<br>und nach Vereinbarung<\/p>\n\n\n\n<p><strong>Cheruskerstra\u00dfe 56, 40545 D\u00fcsseldorf<\/strong><\/p>\n\n\n\n<p>Mi-Fr 11-18 Uhr \/ Sa 11-16 Uhr<br>und nach Vereinbarung<\/p>\n\n\n\n<p><\/p>\n","protected":false},"excerpt":{"rendered":"<p>Haben Sie Fragen, W\u00fcnsche oder Anregungen? Bitte nehmen Sie Kontakt mit uns auf, wir helfen Ihnen gerne weiter! Tel:\u00a0+49 163 &#8211; 206 4202E-Mail:\u00a0info@galerie-benden-ackermann.de \u00d6FFNUNGSZEITEN: Maybachstra\u00dfe 8, 50670 K\u00f6ln Di-Fr 11-18 Uhr \/ Sa 11-16 Uhrund nach Vereinbarung Cheruskerstra\u00dfe 56, 40545 D\u00fcsseldorf Mi-Fr 11-18 Uhr \/ Sa 11-16 Uhrund nach Vereinbarung<\/p>\n","protected":false},"author":1,"featured_media":0,"parent":0,"menu_order":0,"comment_status":"closed","ping_status":"closed","template":"","meta":{"footnotes":""},"class_list":["post-38","page","type-page","status-publish","hentry"],"_links":{"self":[{"href":"https:\/\/galerie-benden-ackermann.de\/de\/wp-json\/wp\/v2\/pages\/38","targetHints":{"allow":["GET"]}}],"collection":[{"href":"https:\/\/galerie-benden-ackermann.de\/de\/wp-json\/wp\/v2\/pages"}],"about":[{"href":"https:\/\/galerie-benden-ackermann.de\/de\/wp-json\/wp\/v2\/types\/page"}],"author":[{"embeddable":true,"href":"https:\/\/galerie-benden-ackermann.de\/de\/wp-json\/wp\/v2\/users\/1"}],"replies":[{"embeddable":true,"href":"https:\/\/galerie-benden-ackermann.de\/de\/wp-json\/wp\/v2\/comments?post=38"}],"version-history":[{"count":9,"href":"https:\/\/galerie-benden-ackermann.de\/de\/wp-json\/wp\/v2\/pages\/38\/revisions"}],"predecessor-version":[{"id":5436,"href":"https:\/\/galerie-benden-ackermann.de\/de\/wp-json\/wp\/v2\/pages\/38\/revisions\/5436"}],"wp:attachment":[{"href":"https:\/\/galerie-benden-ackermann.de\/de\/wp-json\/wp\/v2\/media?parent=38"}],"curies":[{"name":"wp","href":"https:\/\/api.w.org\/{rel}","templated":true}]}}